{"id":2303,"date":"2013-10-15T00:24:03","date_gmt":"2013-10-15T00:24:03","guid":{"rendered":"https:\/\/higuey.info\/news\/?page_id=2303"},"modified":"2020-11-21T16:55:05","modified_gmt":"2020-11-21T16:55:05","slug":"privacidad","status":"publish","type":"page","link":"https:\/\/higuey.info\/news\/privacidad\/","title":{"rendered":"Privacidad"},"content":{"rendered":"<div>\n<h1 title=\"Compartir esta historia en Facebook\">Cl\u00e1usula de Privacidad<\/h1>\n<\/div>\n<p>Introducci\u00f3n y T\u00e9rminos Generales<\/p>\n<p><strong>Higuey.Info<\/strong> se compromete a proteger los datos personales tanto de usted como de su familia cuando utilice cualquiera de los servicios de <strong>Higuey.Info<\/strong>.<\/p>\n<p>Con el fin de poder ofrecerle la totalidad de los servicios de <strong>Higuey.Info<\/strong>, a menudo estamos obligados a solicitarle ciertos datos personales.<\/p>\n<p>Cada vez que nos proporcione dichos datos estamos obligados legalmente a usarlos de acuerdo con las leyes relativas a la protecci\u00f3n de datos personales de la <strong>Republica Dominicana<\/strong>.<\/p>\n<p>Las p\u00e1ginas web contienen enlaces a p\u00e1ginas propiedad de y operadas por terceras partes.\u00a0<strong>Higuey.Info<\/strong> no se hace responsable del contenido de p\u00e1ginas web externas; su utilizaci\u00f3n ser\u00e1 por lo tanto responsabilidad suya.<\/p>\n<p><strong>\u00bfQu\u00e9 tipo de informaci\u00f3n recoge <\/strong><strong><strong>Higuey.Info<\/strong> sobre m\u00ed?<\/strong><\/p>\n<p>Al registrarse para participar en o recibir un servicio de cualquier p\u00e1gina de <strong>Higuey.Info<\/strong> como boletines informativos, concursos, charlas en vivo y paneles de mensajes, es posible que le pidamos sus datos personales, generalmente su nombre, direcci\u00f3n de correo electr\u00f3nico, direcci\u00f3n postal, n\u00famero de tel\u00e9fono o de m\u00f3vil o fecha de nacimiento.<\/p>\n<p>Al registrar sus datos en los espacios indicados, usted acepta que <strong>Higuey.Info<\/strong> y sus proveedores de servicios le suministren los servicios solicitados.<\/p>\n<p>Adem\u00e1s, <strong>Higuey.Info<\/strong> usa cookies. Una cookie es un peque\u00f1o archivo de datos que registra informaci\u00f3n sobre sus preferencias de Internet y nos permite ajustar las p\u00e1ginas web a sus intereses. Usted puede configurar su navegador de Internet para aceptar todos los cookies, para notificarle cada vez que se env\u00eda un cookie, o para bloquear todos los cookies.<\/p>\n<p>Del mismo modo recogemos direcciones IP (una direcci\u00f3n de Protocolo de Internet, o direcci\u00f3n IP, es un n\u00famero identificador \u00fanico de cada ordenador o dispositivo de red en Internet). Utilizamos programas de an\u00e1lisis para estudiar las direcciones IP y las cookies con el prop\u00f3sito de mejorar su experiencia como usuario. Esta informaci\u00f3n nunca se utilizar\u00e1 para crear un perfil personal de usted y los archivos de registro se borran con regularidad.<\/p>\n<p>Tambi\u00e9n utilizamos su direcci\u00f3n IP para determinar si accede a nuestros servicios desde dentro o desde fuera de la <strong>Republica Dominicana<\/strong>.<\/p>\n<p>Si usted es menor de 16 a\u00f1os, por favor aseg\u00farese de contar con el permiso de su padre, madre o tutor antes de enviar sus datos personales a la p\u00e1gina web de <strong>Higuey.Info<\/strong>. Los usuarios que no cuenten con esta autorizaci\u00f3n no podr\u00e1n enviarnos informaci\u00f3n personal.<\/p>\n<p><strong>\u00bfC\u00f3mo utiliza <\/strong><strong><strong>Higuey.Info<\/strong> la informaci\u00f3n que recoge sobre m\u00ed?<\/strong><\/p>\n<p><strong>Higuey.Info<\/strong> \u00fanicamente utilizar\u00e1 sus datos personales con fines espec\u00edficos incluyendo los \u00abfines de administraci\u00f3n del servicio\u00bb, lo cual significa que <strong>Higuey.Info<\/strong> podr\u00eda ponerse en contacto con usted en relaci\u00f3n al servicio al que se haya suscrito.<\/p>\n<p>Trataremos sus datos como informaci\u00f3n confidencial salvo cuando la ley exija o permita su divulgaci\u00f3n.<\/p>\n<p>Si usted env\u00eda o publica contenidos ofensivos, inapropiados o censurables en cualquier sitio o en <strong>Higuey.Info<\/strong>, o demuestra una conducta inaceptable en <strong>Higuey.Info<\/strong>, Nosotros podr\u00edamos utilizar la informaci\u00f3n que poseemos sobre usted para evitar que se repita dicho comportamiento.<\/p>\n<p><strong>\u00bfDurante cu\u00e1nto tiempo guardar\u00e1 la <\/strong><strong><strong>Higuey.Info<\/strong> mis datos personales?<\/strong><\/p>\n<p>Guardaremos sus datos personales en el sistema el tiempo que sea necesario para el servicio requerido. Cuando contribuye a una p\u00e1gina web de <strong>Higuey.Info<\/strong>, el contenido de su contribuci\u00f3n \u00fanicamente ser\u00e1 guardado durante el tiempo necesario para el prop\u00f3sito para el que fue enviado.<\/p>\n<p><strong>Marcas Comerciales:<\/strong><\/p>\n<p>Las marcas comerciales, marcas registradas, nombres de productos, nombres de compa\u00f1\u00edas y logos que aparecen en este sitio son propiedad de sus respectivos due\u00f1os. <strong>Higuey.Info<\/strong>\u00a0no controla las opiniones de los usuarios de este sitio sobre los productos y servicios de terceros por lo que se libra de los da\u00f1os de cualquier tipo que los mismos puedan ocasionar.<\/p>\n<p><strong>Publicidad Proporcionada En Este Sitio:<\/strong><\/p>\n<ul>\n<li><strong><a href=\"https:\/\/www.google.com\/adsense\/\" target=\"_blank\" rel=\"noopener noreferrer\">Google Adsense<\/a><\/strong><\/li>\n<li><a href=\"http:\/\/adf.ly\/?id=935511\" target=\"_blank\" rel=\"noopener noreferrer\"><strong>\u00a0Adfly<\/strong><\/a><\/li>\n<li><a href=\"https:\/\/higuey.info\/news\/publicidad\/\"><strong>Publicidad de terceros, casas comerciales, tiendas, web, otras.<\/strong><\/a><\/li>\n<\/ul>\n<p><strong>Higuey.Info<\/strong> estudia las preferencias de sus usuarios, sus caracter\u00edsticas demogr\u00e1ficas, sus patrones de tr\u00e1fico, y otra informaci\u00f3n en conjunto para comprender mejor qui\u00e9nes constituyen nuestra audiencia y qu\u00e9 es lo que usted necesita.<\/p>\n<p>El rastreo de las preferencias de nuestros usuarios tambi\u00e9n nos ayuda a servirle a usted los avisos publicitarios m\u00e1s relevantes.<\/p>\n<p><a href=\"#\"><strong>Porque este sitio web tiene publicidad?<\/strong><\/a><\/p>\n<p><strong>Fuentes De Rastreo Utilizadas En Este Sitio:<\/strong><br \/>\n<strong><a href=\"http:\/\/www.google.com\/analytics\/\" target=\"_blank\" rel=\"noopener noreferrer\">Google Analytics<\/a>.<\/strong><\/p>\n<p>Si tiene alguna duda espec\u00edfica sobre esta Cl\u00e1usula de Privacidad, por favor utilice el siguiente <a href=\"https:\/\/higuey.info\/news\/contacto\/\">formulario.<\/a><\/p>\n<p>&nbsp;<\/p>\n","protected":false},"excerpt":{"rendered":"<p>Cl\u00e1usula de Privacidad Introducci\u00f3n y T\u00e9rminos Generales Higuey.Info se compromete a proteger los datos personales tanto de usted como de su familia cuando utilice cualquiera de los servicios de Higuey.Info. Con el fin de poder ofrecerle la totalidad de los servicios de Higuey.Info, a menudo estamos obligados a solicitarle ciertos datos personales. Cada vez que&#8230;<\/p>\n","protected":false},"author":1,"featured_media":11432,"parent":0,"menu_order":0,"comment_status":"open","ping_status":"open","template":"","meta":{"footnotes":""},"class_list":["post-2303","page","type-page","status-publish","has-post-thumbnail","hentry"],"yoast_head":"<!-- This site is optimized with the Yoast SEO plugin v27.4 - https:\/\/yoast.com\/product\/yoast-seo-wordpress\/ -->\n<title>Privacidad - Higuey.Info<\/title>\n<meta name=\"description\" content=\"Cl\u00e1usula de Privacidad Introducci\u00f3n y T\u00e9rminos Generales Higuey.Info se compromete a proteger los datos personales tanto de usted como de su familia\" \/>\n<meta name=\"robots\" content=\"index, follow, max-snippet:-1, max-image-preview:large, max-video-preview:-1\" \/>\n<link rel=\"canonical\" href=\"https:\/\/higuey.info\/news\/privacidad\/\" \/>\n<meta property=\"og:locale\" content=\"es_ES\" \/>\n<meta property=\"og:type\" content=\"article\" \/>\n<meta property=\"og:title\" content=\"Privacidad - Higuey.Info\" \/>\n<meta property=\"og:description\" content=\"Cl\u00e1usula de Privacidad Introducci\u00f3n y T\u00e9rminos Generales Higuey.Info se compromete a proteger los datos personales tanto de usted como de su familia\" \/>\n<meta property=\"og:url\" content=\"https:\/\/higuey.info\/news\/privacidad\/\" \/>\n<meta property=\"og:site_name\" content=\"Hig\u00fcey.Info\" \/>\n<meta property=\"article:modified_time\" content=\"2020-11-21T16:55:05+00:00\" \/>\n<meta property=\"og:image\" content=\"https:\/\/higuey.info\/news\/wp-content\/uploads\/2018\/06\/privacy-1.png\" \/>\n\t<meta property=\"og:image:width\" content=\"1280\" \/>\n\t<meta property=\"og:image:height\" content=\"571\" \/>\n\t<meta property=\"og:image:type\" content=\"image\/png\" \/>\n<meta name=\"twitter:card\" content=\"summary_large_image\" \/>\n<meta name=\"twitter:label1\" content=\"Tiempo de lectura\" \/>\n\t<meta name=\"twitter:data1\" content=\"4 minutos\" \/>\n<script type=\"application\/ld+json\" class=\"yoast-schema-graph\">{\"@context\":\"https:\\\/\\\/schema.org\",\"@graph\":[{\"@type\":\"WebPage\",\"@id\":\"https:\\\/\\\/higuey.info\\\/news\\\/privacidad\\\/\",\"url\":\"https:\\\/\\\/higuey.info\\\/news\\\/privacidad\\\/\",\"name\":\"Privacidad - Higuey.Info\",\"isPartOf\":{\"@id\":\"https:\\\/\\\/higuey.info\\\/news\\\/#website\"},\"primaryImageOfPage\":{\"@id\":\"https:\\\/\\\/higuey.info\\\/news\\\/privacidad\\\/#primaryimage\"},\"image\":{\"@id\":\"https:\\\/\\\/higuey.info\\\/news\\\/privacidad\\\/#primaryimage\"},\"thumbnailUrl\":\"https:\\\/\\\/higuey.info\\\/news\\\/wp-content\\\/uploads\\\/2018\\\/06\\\/privacy-1.png\",\"datePublished\":\"2013-10-15T00:24:03+00:00\",\"dateModified\":\"2020-11-21T16:55:05+00:00\",\"description\":\"Cl\u00e1usula de Privacidad Introducci\u00f3n y T\u00e9rminos Generales Higuey.Info se compromete a proteger los datos personales tanto de usted como de su familia\",\"breadcrumb\":{\"@id\":\"https:\\\/\\\/higuey.info\\\/news\\\/privacidad\\\/#breadcrumb\"},\"inLanguage\":\"es\",\"potentialAction\":[{\"@type\":\"ReadAction\",\"target\":[\"https:\\\/\\\/higuey.info\\\/news\\\/privacidad\\\/\"]}]},{\"@type\":\"ImageObject\",\"inLanguage\":\"es\",\"@id\":\"https:\\\/\\\/higuey.info\\\/news\\\/privacidad\\\/#primaryimage\",\"url\":\"https:\\\/\\\/higuey.info\\\/news\\\/wp-content\\\/uploads\\\/2018\\\/06\\\/privacy-1.png\",\"contentUrl\":\"https:\\\/\\\/higuey.info\\\/news\\\/wp-content\\\/uploads\\\/2018\\\/06\\\/privacy-1.png\",\"width\":\"1280\",\"height\":\"571\"},{\"@type\":\"BreadcrumbList\",\"@id\":\"https:\\\/\\\/higuey.info\\\/news\\\/privacidad\\\/#breadcrumb\",\"itemListElement\":[{\"@type\":\"ListItem\",\"position\":1,\"name\":\"Portada\",\"item\":\"https:\\\/\\\/higuey.info\\\/news\\\/\"},{\"@type\":\"ListItem\",\"position\":2,\"name\":\"Privacidad\"}]},{\"@type\":\"WebSite\",\"@id\":\"https:\\\/\\\/higuey.info\\\/news\\\/#website\",\"url\":\"https:\\\/\\\/higuey.info\\\/news\\\/\",\"name\":\"Hig\u00fcey.Info\",\"description\":\"Noticias de Hig\u00fcey La Altagracia Rep\u00fablica Dominicana.\",\"publisher\":{\"@id\":\"https:\\\/\\\/higuey.info\\\/news\\\/#organization\"},\"potentialAction\":[{\"@type\":\"SearchAction\",\"target\":{\"@type\":\"EntryPoint\",\"urlTemplate\":\"https:\\\/\\\/higuey.info\\\/news\\\/?s={search_term_string}\"},\"query-input\":{\"@type\":\"PropertyValueSpecification\",\"valueRequired\":true,\"valueName\":\"search_term_string\"}}],\"inLanguage\":\"es\"},{\"@type\":\"Organization\",\"@id\":\"https:\\\/\\\/higuey.info\\\/news\\\/#organization\",\"name\":\"Hig\u00fcey.Info\",\"url\":\"https:\\\/\\\/higuey.info\\\/news\\\/\",\"logo\":{\"@type\":\"ImageObject\",\"inLanguage\":\"es\",\"@id\":\"https:\\\/\\\/higuey.info\\\/news\\\/#\\\/schema\\\/logo\\\/image\\\/\",\"url\":\"https:\\\/\\\/higuey.info\\\/news\\\/wp-content\\\/uploads\\\/2015\\\/11\\\/logof.jpg\",\"contentUrl\":\"https:\\\/\\\/higuey.info\\\/news\\\/wp-content\\\/uploads\\\/2015\\\/11\\\/logof.jpg\",\"width\":248,\"height\":90,\"caption\":\"Hig\u00fcey.Info\"},\"image\":{\"@id\":\"https:\\\/\\\/higuey.info\\\/news\\\/#\\\/schema\\\/logo\\\/image\\\/\"}}]}<\/script>\n<!-- \/ Yoast SEO plugin. -->","yoast_head_json":{"title":"Privacidad - Higuey.Info","description":"Cl\u00e1usula de Privacidad Introducci\u00f3n y T\u00e9rminos Generales Higuey.Info se compromete a proteger los datos personales tanto de usted como de su familia","robots":{"index":"index","follow":"follow","max-snippet":"max-snippet:-1","max-image-preview":"max-image-preview:large","max-video-preview":"max-video-preview:-1"},"canonical":"https:\/\/higuey.info\/news\/privacidad\/","og_locale":"es_ES","og_type":"article","og_title":"Privacidad - Higuey.Info","og_description":"Cl\u00e1usula de Privacidad Introducci\u00f3n y T\u00e9rminos Generales Higuey.Info se compromete a proteger los datos personales tanto de usted como de su familia","og_url":"https:\/\/higuey.info\/news\/privacidad\/","og_site_name":"Hig\u00fcey.Info","article_modified_time":"2020-11-21T16:55:05+00:00","og_image":[{"width":1280,"height":571,"url":"https:\/\/higuey.info\/news\/wp-content\/uploads\/2018\/06\/privacy-1.png","type":"image\/png"}],"twitter_card":"summary_large_image","twitter_misc":{"Tiempo de lectura":"4 minutos"},"schema":{"@context":"https:\/\/schema.org","@graph":[{"@type":"WebPage","@id":"https:\/\/higuey.info\/news\/privacidad\/","url":"https:\/\/higuey.info\/news\/privacidad\/","name":"Privacidad - Higuey.Info","isPartOf":{"@id":"https:\/\/higuey.info\/news\/#website"},"primaryImageOfPage":{"@id":"https:\/\/higuey.info\/news\/privacidad\/#primaryimage"},"image":{"@id":"https:\/\/higuey.info\/news\/privacidad\/#primaryimage"},"thumbnailUrl":"https:\/\/higuey.info\/news\/wp-content\/uploads\/2018\/06\/privacy-1.png","datePublished":"2013-10-15T00:24:03+00:00","dateModified":"2020-11-21T16:55:05+00:00","description":"Cl\u00e1usula de Privacidad Introducci\u00f3n y T\u00e9rminos Generales Higuey.Info se compromete a proteger los datos personales tanto de usted como de su familia","breadcrumb":{"@id":"https:\/\/higuey.info\/news\/privacidad\/#breadcrumb"},"inLanguage":"es","potentialAction":[{"@type":"ReadAction","target":["https:\/\/higuey.info\/news\/privacidad\/"]}]},{"@type":"ImageObject","inLanguage":"es","@id":"https:\/\/higuey.info\/news\/privacidad\/#primaryimage","url":"https:\/\/higuey.info\/news\/wp-content\/uploads\/2018\/06\/privacy-1.png","contentUrl":"https:\/\/higuey.info\/news\/wp-content\/uploads\/2018\/06\/privacy-1.png","width":"1280","height":"571"},{"@type":"BreadcrumbList","@id":"https:\/\/higuey.info\/news\/privacidad\/#breadcrumb","itemListElement":[{"@type":"ListItem","position":1,"name":"Portada","item":"https:\/\/higuey.info\/news\/"},{"@type":"ListItem","position":2,"name":"Privacidad"}]},{"@type":"WebSite","@id":"https:\/\/higuey.info\/news\/#website","url":"https:\/\/higuey.info\/news\/","name":"Hig\u00fcey.Info","description":"Noticias de Hig\u00fcey La Altagracia Rep\u00fablica Dominicana.","publisher":{"@id":"https:\/\/higuey.info\/news\/#organization"},"potentialAction":[{"@type":"SearchAction","target":{"@type":"EntryPoint","urlTemplate":"https:\/\/higuey.info\/news\/?s={search_term_string}"},"query-input":{"@type":"PropertyValueSpecification","valueRequired":true,"valueName":"search_term_string"}}],"inLanguage":"es"},{"@type":"Organization","@id":"https:\/\/higuey.info\/news\/#organization","name":"Hig\u00fcey.Info","url":"https:\/\/higuey.info\/news\/","logo":{"@type":"ImageObject","inLanguage":"es","@id":"https:\/\/higuey.info\/news\/#\/schema\/logo\/image\/","url":"https:\/\/higuey.info\/news\/wp-content\/uploads\/2015\/11\/logof.jpg","contentUrl":"https:\/\/higuey.info\/news\/wp-content\/uploads\/2015\/11\/logof.jpg","width":248,"height":90,"caption":"Hig\u00fcey.Info"},"image":{"@id":"https:\/\/higuey.info\/news\/#\/schema\/logo\/image\/"}}]}},"_links":{"self":[{"href":"https:\/\/higuey.info\/news\/wp-json\/wp\/v2\/pages\/2303","targetHints":{"allow":["GET"]}}],"collection":[{"href":"https:\/\/higuey.info\/news\/wp-json\/wp\/v2\/pages"}],"about":[{"href":"https:\/\/higuey.info\/news\/wp-json\/wp\/v2\/types\/page"}],"author":[{"embeddable":true,"href":"https:\/\/higuey.info\/news\/wp-json\/wp\/v2\/users\/1"}],"replies":[{"embeddable":true,"href":"https:\/\/higuey.info\/news\/wp-json\/wp\/v2\/comments?post=2303"}],"version-history":[{"count":25,"href":"https:\/\/higuey.info\/news\/wp-json\/wp\/v2\/pages\/2303\/revisions"}],"predecessor-version":[{"id":18054,"href":"https:\/\/higuey.info\/news\/wp-json\/wp\/v2\/pages\/2303\/revisions\/18054"}],"wp:featuredmedia":[{"embeddable":true,"href":"https:\/\/higuey.info\/news\/wp-json\/wp\/v2\/media\/11432"}],"wp:attachment":[{"href":"https:\/\/higuey.info\/news\/wp-json\/wp\/v2\/media?parent=2303"}],"curies":[{"name":"wp","href":"https:\/\/api.w.org\/{rel}","templated":true}]}}