{"id":2638,"date":"2013-11-02T13:57:01","date_gmt":"2013-11-02T13:57:01","guid":{"rendered":"https:\/\/higuey.info\/news\/?page_id=2638"},"modified":"2020-11-21T04:14:31","modified_gmt":"2020-11-21T04:14:31","slug":"publicidad","status":"publish","type":"page","link":"https:\/\/higuey.info\/news\/publicidad\/","title":{"rendered":"Publicidad"},"content":{"rendered":"<p>El Servicio\u00a0 de Higuey.Info es el medio de comunicaci\u00f3n local que proporciona noticias y an\u00e1lisis imparcial en espa\u00f1ol.<\/p>\n<p>Nos esforzamos por inspirar a nuestra audiencia y ayudarle a entender el acontecer local, nacional y mundial a trav\u00e9s de noticias fiables y exactas. Adem\u00e1s ofrecemos la m\u00e1s actualizada cobertura de tecnolog\u00eda, salud, ciencia, medio ambiente y cultura.<\/p>\n<p>Para anunciar en los sitios web del Servicio Nacional de Higuey.Info por favor p\u00f3ngase en contacto con nosotros\u00a0<a href=\"https:\/\/higuey.info\/news\/contacto\/\"><strong>haciendo clic en este enlace<\/strong>.<\/a> O simplemente rellene el siguiente formulario y le estaremos contactando en la mayor brevedad posible.<\/p>\n<p>[tabs style=\u00bbv1&#8243; icon_color=\u00bb#dd3333&#8243; icon_current_color=\u00bb#1e73be\u00bb]<br \/>\n[tab title=\u00bbImportancia\u00bb icon=\u00bbmomizat-icon-pushpin\u00bb ]La Publicidad en los negocios es vital porque ayuda al posicionamiento de marca, a atraer m\u00e1s clientes, dar a conocer los beneficios de los productos o servicios, etc. De nada sirve tener el mejor producto o servicio si nadie lo conoce, esto es equivalente a no tener ventas y sin ventas el negocio se muere.[\/tab]<br \/>\n[tab title=\u00bbProposito\u00bb icon=\u00bbmomizat-icon-key2&#8243; ]Con palabras o im\u00e1genes, el prop\u00f3sito de la publicidad es siempre el de informar. La publicidad es parte de la mercadotenica y se enfoca en acciones de comunicaci\u00f3n.[\/tab]<br \/>\n[tab title=\u00bbGanancias\u00bb icon=\u00bbmomizat-icon-coin\u00bb ]Uno de los errores m\u00e1s comunes en el entorno empresarial es considerar que la publicidad y la promoci\u00f3n son costes, cuando en realidad son una inversi\u00f3n. \u00bfPor qu\u00e9 invertir en publicidad? Porque la publicidad es una inversi\u00f3n, no un gasto. Muchas veces tenemos la err\u00f3nea idea de que la publicidad es un costo que asumimos y que solo nos da perdidas sin resultados.[\/tab]<br \/>\n[\/tabs]<\/p>\n<p>[divide]<\/p>\n<h3 style=\"text-align: center;\">Anuncie con nosotros su negocio, contamos con la caracter\u00edstica que anda buscando<\/h3>\n<p>[tabs style=\u00bbh1&#8243; icon_color=\u00bb#dd3333&#8243; icon_current_color=\u00bb#1e73be\u00bb]<br \/>\n[tab title=\u00bbBueno\u00bb icon=\u00bbbrankic-icon-number11&#8243; ]Somos la mejor opci\u00f3n al momento de promover su negocio[\/tab]<br \/>\n[tab title=\u00bbBonito\u00bb icon=\u00bbbrankic-icon-number12&#8243; ]Nuestra plataforma web esta dise\u00f1ada para ser simple, vistosa y agradable[\/tab]<br \/>\n[tab title=\u00bbBarato\u00bb icon=\u00bbbrankic-icon-number13&#8243; ]En comparaci\u00f3n con la competencia, Nosotros tenemos los mejores precios[\/tab]<br \/>\n[tab title=\u00bbFormulario\u00bb icon=\u00bbmomizat-icon-file\u00bb ]Formulario de contacto no disponible, Favor <a href=\"https:\/\/higuey.info\/news\/contacto\/\"><strong>contactarnos<\/strong><\/a>.[\/tab]<br \/>\n[\/tabs]<\/p>\n<p>&nbsp;<\/p>\n<p>&nbsp;<\/p>\n<p>&nbsp;<\/p>\n","protected":false},"excerpt":{"rendered":"<p>El Servicio\u00a0 de Higuey.Info es el medio de comunicaci\u00f3n local que proporciona noticias y an\u00e1lisis imparcial en espa\u00f1ol. Nos esforzamos por inspirar a nuestra audiencia y ayudarle a entender el acontecer local, nacional y mundial a trav\u00e9s de noticias fiables y exactas. Adem\u00e1s ofrecemos la m\u00e1s actualizada cobertura de tecnolog\u00eda, salud, ciencia, medio ambiente y&#8230;<\/p>\n","protected":false},"author":1,"featured_media":0,"parent":0,"menu_order":0,"comment_status":"open","ping_status":"open","template":"","meta":{"footnotes":""},"class_list":["post-2638","page","type-page","status-publish","hentry"],"yoast_head":"<!-- This site is optimized with the Yoast SEO plugin v27.4 - https:\/\/yoast.com\/product\/yoast-seo-wordpress\/ -->\n<title>Publicidad - Higuey.Info<\/title>\n<meta name=\"description\" content=\"El Servicio\u00a0 de Higuey.Info es el medio de comunicaci\u00f3n local que proporciona noticias y an\u00e1lisis imparcial en espa\u00f1ol. Nos esforzamos por inspirar a\" \/>\n<meta name=\"robots\" content=\"index, follow, max-snippet:-1, max-image-preview:large, max-video-preview:-1\" \/>\n<link rel=\"canonical\" href=\"https:\/\/higuey.info\/news\/publicidad\/\" \/>\n<meta property=\"og:locale\" content=\"es_ES\" \/>\n<meta property=\"og:type\" content=\"article\" \/>\n<meta property=\"og:title\" content=\"Publicidad - Higuey.Info\" \/>\n<meta property=\"og:description\" content=\"El Servicio\u00a0 de Higuey.Info es el medio de comunicaci\u00f3n local que proporciona noticias y an\u00e1lisis imparcial en espa\u00f1ol. Nos esforzamos por inspirar a\" \/>\n<meta property=\"og:url\" content=\"https:\/\/higuey.info\/news\/publicidad\/\" \/>\n<meta property=\"og:site_name\" content=\"Hig\u00fcey.Info\" \/>\n<meta property=\"article:modified_time\" content=\"2020-11-21T04:14:31+00:00\" \/>\n<meta name=\"twitter:card\" content=\"summary_large_image\" \/>\n<meta name=\"twitter:label1\" content=\"Tiempo de lectura\" \/>\n\t<meta name=\"twitter:data1\" content=\"2 minutos\" \/>\n<script type=\"application\/ld+json\" class=\"yoast-schema-graph\">{\"@context\":\"https:\\\/\\\/schema.org\",\"@graph\":[{\"@type\":\"WebPage\",\"@id\":\"https:\\\/\\\/higuey.info\\\/news\\\/publicidad\\\/\",\"url\":\"https:\\\/\\\/higuey.info\\\/news\\\/publicidad\\\/\",\"name\":\"Publicidad - Higuey.Info\",\"isPartOf\":{\"@id\":\"https:\\\/\\\/higuey.info\\\/news\\\/#website\"},\"datePublished\":\"2013-11-02T13:57:01+00:00\",\"dateModified\":\"2020-11-21T04:14:31+00:00\",\"description\":\"El Servicio\u00a0 de Higuey.Info es el medio de comunicaci\u00f3n local que proporciona noticias y an\u00e1lisis imparcial en espa\u00f1ol. Nos esforzamos por inspirar a\",\"breadcrumb\":{\"@id\":\"https:\\\/\\\/higuey.info\\\/news\\\/publicidad\\\/#breadcrumb\"},\"inLanguage\":\"es\",\"potentialAction\":[{\"@type\":\"ReadAction\",\"target\":[\"https:\\\/\\\/higuey.info\\\/news\\\/publicidad\\\/\"]}]},{\"@type\":\"BreadcrumbList\",\"@id\":\"https:\\\/\\\/higuey.info\\\/news\\\/publicidad\\\/#breadcrumb\",\"itemListElement\":[{\"@type\":\"ListItem\",\"position\":1,\"name\":\"Portada\",\"item\":\"https:\\\/\\\/higuey.info\\\/news\\\/\"},{\"@type\":\"ListItem\",\"position\":2,\"name\":\"Publicidad\"}]},{\"@type\":\"WebSite\",\"@id\":\"https:\\\/\\\/higuey.info\\\/news\\\/#website\",\"url\":\"https:\\\/\\\/higuey.info\\\/news\\\/\",\"name\":\"Hig\u00fcey.Info\",\"description\":\"Noticias de Hig\u00fcey La Altagracia Rep\u00fablica Dominicana.\",\"publisher\":{\"@id\":\"https:\\\/\\\/higuey.info\\\/news\\\/#organization\"},\"potentialAction\":[{\"@type\":\"SearchAction\",\"target\":{\"@type\":\"EntryPoint\",\"urlTemplate\":\"https:\\\/\\\/higuey.info\\\/news\\\/?s={search_term_string}\"},\"query-input\":{\"@type\":\"PropertyValueSpecification\",\"valueRequired\":true,\"valueName\":\"search_term_string\"}}],\"inLanguage\":\"es\"},{\"@type\":\"Organization\",\"@id\":\"https:\\\/\\\/higuey.info\\\/news\\\/#organization\",\"name\":\"Hig\u00fcey.Info\",\"url\":\"https:\\\/\\\/higuey.info\\\/news\\\/\",\"logo\":{\"@type\":\"ImageObject\",\"inLanguage\":\"es\",\"@id\":\"https:\\\/\\\/higuey.info\\\/news\\\/#\\\/schema\\\/logo\\\/image\\\/\",\"url\":\"https:\\\/\\\/higuey.info\\\/news\\\/wp-content\\\/uploads\\\/2015\\\/11\\\/logof.jpg\",\"contentUrl\":\"https:\\\/\\\/higuey.info\\\/news\\\/wp-content\\\/uploads\\\/2015\\\/11\\\/logof.jpg\",\"width\":248,\"height\":90,\"caption\":\"Hig\u00fcey.Info\"},\"image\":{\"@id\":\"https:\\\/\\\/higuey.info\\\/news\\\/#\\\/schema\\\/logo\\\/image\\\/\"}}]}<\/script>\n<!-- \/ Yoast SEO plugin. -->","yoast_head_json":{"title":"Publicidad - Higuey.Info","description":"El Servicio\u00a0 de Higuey.Info es el medio de comunicaci\u00f3n local que proporciona noticias y an\u00e1lisis imparcial en espa\u00f1ol. Nos esforzamos por inspirar a","robots":{"index":"index","follow":"follow","max-snippet":"max-snippet:-1","max-image-preview":"max-image-preview:large","max-video-preview":"max-video-preview:-1"},"canonical":"https:\/\/higuey.info\/news\/publicidad\/","og_locale":"es_ES","og_type":"article","og_title":"Publicidad - Higuey.Info","og_description":"El Servicio\u00a0 de Higuey.Info es el medio de comunicaci\u00f3n local que proporciona noticias y an\u00e1lisis imparcial en espa\u00f1ol. Nos esforzamos por inspirar a","og_url":"https:\/\/higuey.info\/news\/publicidad\/","og_site_name":"Hig\u00fcey.Info","article_modified_time":"2020-11-21T04:14:31+00:00","twitter_card":"summary_large_image","twitter_misc":{"Tiempo de lectura":"2 minutos"},"schema":{"@context":"https:\/\/schema.org","@graph":[{"@type":"WebPage","@id":"https:\/\/higuey.info\/news\/publicidad\/","url":"https:\/\/higuey.info\/news\/publicidad\/","name":"Publicidad - Higuey.Info","isPartOf":{"@id":"https:\/\/higuey.info\/news\/#website"},"datePublished":"2013-11-02T13:57:01+00:00","dateModified":"2020-11-21T04:14:31+00:00","description":"El Servicio\u00a0 de Higuey.Info es el medio de comunicaci\u00f3n local que proporciona noticias y an\u00e1lisis imparcial en espa\u00f1ol. Nos esforzamos por inspirar a","breadcrumb":{"@id":"https:\/\/higuey.info\/news\/publicidad\/#breadcrumb"},"inLanguage":"es","potentialAction":[{"@type":"ReadAction","target":["https:\/\/higuey.info\/news\/publicidad\/"]}]},{"@type":"BreadcrumbList","@id":"https:\/\/higuey.info\/news\/publicidad\/#breadcrumb","itemListElement":[{"@type":"ListItem","position":1,"name":"Portada","item":"https:\/\/higuey.info\/news\/"},{"@type":"ListItem","position":2,"name":"Publicidad"}]},{"@type":"WebSite","@id":"https:\/\/higuey.info\/news\/#website","url":"https:\/\/higuey.info\/news\/","name":"Hig\u00fcey.Info","description":"Noticias de Hig\u00fcey La Altagracia Rep\u00fablica Dominicana.","publisher":{"@id":"https:\/\/higuey.info\/news\/#organization"},"potentialAction":[{"@type":"SearchAction","target":{"@type":"EntryPoint","urlTemplate":"https:\/\/higuey.info\/news\/?s={search_term_string}"},"query-input":{"@type":"PropertyValueSpecification","valueRequired":true,"valueName":"search_term_string"}}],"inLanguage":"es"},{"@type":"Organization","@id":"https:\/\/higuey.info\/news\/#organization","name":"Hig\u00fcey.Info","url":"https:\/\/higuey.info\/news\/","logo":{"@type":"ImageObject","inLanguage":"es","@id":"https:\/\/higuey.info\/news\/#\/schema\/logo\/image\/","url":"https:\/\/higuey.info\/news\/wp-content\/uploads\/2015\/11\/logof.jpg","contentUrl":"https:\/\/higuey.info\/news\/wp-content\/uploads\/2015\/11\/logof.jpg","width":248,"height":90,"caption":"Hig\u00fcey.Info"},"image":{"@id":"https:\/\/higuey.info\/news\/#\/schema\/logo\/image\/"}}]}},"_links":{"self":[{"href":"https:\/\/higuey.info\/news\/wp-json\/wp\/v2\/pages\/2638","targetHints":{"allow":["GET"]}}],"collection":[{"href":"https:\/\/higuey.info\/news\/wp-json\/wp\/v2\/pages"}],"about":[{"href":"https:\/\/higuey.info\/news\/wp-json\/wp\/v2\/types\/page"}],"author":[{"embeddable":true,"href":"https:\/\/higuey.info\/news\/wp-json\/wp\/v2\/users\/1"}],"replies":[{"embeddable":true,"href":"https:\/\/higuey.info\/news\/wp-json\/wp\/v2\/comments?post=2638"}],"version-history":[{"count":28,"href":"https:\/\/higuey.info\/news\/wp-json\/wp\/v2\/pages\/2638\/revisions"}],"predecessor-version":[{"id":14813,"href":"https:\/\/higuey.info\/news\/wp-json\/wp\/v2\/pages\/2638\/revisions\/14813"}],"wp:attachment":[{"href":"https:\/\/higuey.info\/news\/wp-json\/wp\/v2\/media?parent=2638"}],"curies":[{"name":"wp","href":"https:\/\/api.w.org\/{rel}","templated":true}]}}